{"id":7,"date":"2020-10-21T15:50:00","date_gmt":"2020-10-21T15:50:00","guid":{"rendered":"http:\/\/wawer.info\/?page_id=7"},"modified":"2024-10-18T00:56:50","modified_gmt":"2024-10-18T00:56:50","slug":"home","status":"publish","type":"page","link":"https:\/\/adwa.net.pl\/","title":{"rendered":"Strona g\u0142\u00f3wna"},"content":{"rendered":"\n\n\n\n<h2>Co oferujemy?<\/h2>\n\n\n\n<p>Jeste\u015bmy&nbsp;<strong style=\"\">najd\u0142u\u017cej dzia\u0142aj\u0105c\u0105 sieci\u0105<\/strong>&nbsp;bezprzewodow\u0105 w regionie (21 lat) i o najwi\u0119kszym do\u015bwiadczeniu.<\/p>\n<p><strong>Nie limitujemy<\/strong>&nbsp;ilo\u015bci pobranych\/wys\u0142anych danych i czasu pracy w Internecie.<\/span><\/p>\n<p><strong>Gwarantujemy pr\u0119dko\u015b\u0107<\/strong>&nbsp;minimaln\u0105 na routerze brzegowym (tzw CIR) jak w drogich i profesjonalnych \u0142\u0105czach szerokopasmowych<\/span><\/p>\n<p><strong>Nie przeci\u0105\u017camy<\/strong>&nbsp;naszej&nbsp;<\/span><strong>sieci<\/strong><span style=\"color: rgb(0, 0, 0); font-family: Verdana, Helvetica; font-size: 10px; font-style: normal; font-variant-ligatures: normal; font-variant-caps: normal; font-weight: 400; text-align: start; background-color: rgb(255, 255, 230);\">.<\/p>\n<p>Ca\u0142o\u015b\u0107 oferty jest jasna i przejrzysta &#8211; nie posiada chwyt\u00f3w typu &#8222;Internet za z\u0142ot\u00f3wk\u0119&#8221; a&nbsp;<\/span><strong>systemy rabatowe i nowe oferty stosowane s\u0105 dla wszystkich u\u017cytkownik\u00f3w naszej sieci<\/strong><span style=\"color: rgb(0, 0, 0); font-family: Verdana, Helvetica; font-size: 10px; font-style: normal; font-variant-ligatures: normal; font-variant-caps: normal; font-weight: 400; text-align: start; background-color: rgb(255, 255, 230);\">.<\/span><\/p>\n<p><strong>Dost\u0119p do us\u0142ugi na poziomie 98%klienci bezprzewodowi i 99,5% klienci kablowi&nbsp;<\/strong>stawia nas na jednym z pierwszych miejsc w\u015br\u00f3d sieci w Polsce<\/span><\/p>\n<p>Prowadzimy&nbsp;<\/span><strong>24 godzinny monitoring<\/strong>&nbsp;wszystkich punkt\u00f3w maj\u0105cych wp\u0142yw na prac\u0119 systemu.<\/span><\/p>\n<p><strong>\u015aredni czas<\/strong>&nbsp;podj\u0119cia&nbsp;<strong>interwencji<\/strong>&nbsp;to zaledwie&nbsp;<strong>30 minut<\/strong>&nbsp;od zg\u0142oszenia.<\/p>\n<p style=\"text-align: right;\"><strong>Instalacje i modernizacje <\/strong>wykonuj\u0105 od lat&nbsp;te same osoby&nbsp;co przyspiesza diagnostyk\u0119 sieci i czas reakcji.<\/p>\n\n\n\n\n\n\n\n<p>Stosujemy&nbsp;<strong>najnowsze<\/strong>&nbsp;dost\u0119pne&nbsp;<strong>technologie<\/strong>, kt\u00f3rych testy przeprowadzamy bez szkody dla klient\u00f3w, ale w warunkach rzeczywistych.<\/p>\n<p>&nbsp;Sprz\u0119t instalowany u klienta pozostaje nasz\u0105 w\u0142asno\u015bci\u0105&nbsp;<\/span><strong>i jest pod nasz\u0105 sta\u0142\u0105 opiek\u0105 mimo zako\u0144czenia okresu gwarancji i jest wymieniany zgodnie z warunkami gwarancji na nowy lub wolny od wad (podczas trwania umowy) BEZP\u0141ATNIE !<\/strong><\/p>\n<p>Dost\u0119p do&nbsp;<strong>popularnych us\u0142ug<\/strong>&nbsp;internetowych ma&nbsp;<\/span><strong>najwy\u017cszy priorytet<\/strong>&nbsp;co pozwala unikn\u0105\u0107 sytuacji wolno wczytuj\u0105cych si\u0119 stron WWW, czy d\u0142ugiego odbierania e-maili.<\/span><\/p>\n<p>Oferujemy realne ceny na dost\u0119p do internetu bez podst\u0119pnych PROMOCJI &#8211; \u017bADNYCH PROMOCJI U NAS WSZYSTKO JASNO I PRZEJRZY\u015aCIE.<\/p>\n<p>Rozw\u00f3j sieci jest starannie zaplanowany i przeprowadzany dopiero po przeprowadzeniu niezb\u0119dnych prac modernizacyjnych w istniej\u0105cej infrastrukturze, aby rozw\u00f3j sieci nie pogarsza\u0142 jako\u015bci obs\u0142ugi obecnych klient\u00f3w.<\/span><\/p>\n<p>&nbsp;Na dzia\u0142anie us\u0142ugi&nbsp;<strong>nie maj\u0105 wp\u0142ywu warunki atmosferyczne<\/strong>, poniewa\u017c instalowany sprz\u0119t jest wysokiej jako\u015bci.<\/span><\/p>\n<p><strong>Kontakt<\/strong>&nbsp;z administratorem&nbsp;<strong>jest \u0142atwy<\/strong>, a \u017cadne pytanie nie pozostaje bez odpowiedzi.<\/span><\/p>\n\n\n\n\n\n\n\n\n\n\n\n\n\n\n\n\n\n\n","protected":false},"excerpt":{"rendered":"","protected":false},"author":0,"featured_media":0,"parent":0,"menu_order":0,"comment_status":"closed","ping_status":"closed","template":"","meta":{"pagelayer_contact_templates":[],"_pagelayer_content":"","footnotes":""},"class_list":["post-7","page","type-page","status-publish","hentry"],"_links":{"self":[{"href":"https:\/\/adwa.net.pl\/index.php?rest_route=\/wp\/v2\/pages\/7"}],"collection":[{"href":"https:\/\/adwa.net.pl\/index.php?rest_route=\/wp\/v2\/pages"}],"about":[{"href":"https:\/\/adwa.net.pl\/index.php?rest_route=\/wp\/v2\/types\/page"}],"replies":[{"embeddable":true,"href":"https:\/\/adwa.net.pl\/index.php?rest_route=%2Fwp%2Fv2%2Fcomments&post=7"}],"version-history":[{"count":11,"href":"https:\/\/adwa.net.pl\/index.php?rest_route=\/wp\/v2\/pages\/7\/revisions"}],"predecessor-version":[{"id":74,"href":"https:\/\/adwa.net.pl\/index.php?rest_route=\/wp\/v2\/pages\/7\/revisions\/74"}],"wp:attachment":[{"href":"https:\/\/adwa.net.pl\/index.php?rest_route=%2Fwp%2Fv2%2Fmedia&parent=7"}],"curies":[{"name":"wp","href":"https:\/\/api.w.org\/{rel}","templated":true}]}}