{"id":44,"date":"2020-10-21T18:28:06","date_gmt":"2020-10-21T18:28:06","guid":{"rendered":"http:\/\/wawer.info\/?page_id=44"},"modified":"2020-10-21T18:29:27","modified_gmt":"2020-10-21T18:29:27","slug":"umowa-aneks-oraz-regulamin","status":"publish","type":"page","link":"https:\/\/adwa.net.pl\/?page_id=44","title":{"rendered":"Umowa\/Aneks oraz Regulamin"},"content":{"rendered":"\n<div class=\"wp-block-file aligncenter\"><a href=\"http:\/\/wawer.info\/wp-content\/uploads\/2020\/10\/adwa-umowa-14-10-01.pdf\"><br><br><br><br>Umowa\/aneks o \u015bwiadczenie us\u0142ugi AdWa Internet <\/a><a href=\"http:\/\/wawer.info\/wp-content\/uploads\/2020\/10\/adwa-umowa-14-10-01.pdf\" class=\"wp-block-file__button\" download>Pobierz<\/a><\/div>\n\n\n\n<div class=\"wp-block-file aligncenter\"><a href=\"http:\/\/wawer.info\/wp-content\/uploads\/2020\/10\/adwa-protokol.pdf\">Protok\u00f3\u0142 przekazania urz\u0105dze\u0144<\/a><a href=\"http:\/\/wawer.info\/wp-content\/uploads\/2020\/10\/adwa-protokol.pdf\" class=\"wp-block-file__button\" download>Pobierz<\/a><\/div>\n\n\n\n<div class=\"wp-block-file aligncenter\"><a href=\"http:\/\/wawer.info\/wp-content\/uploads\/2020\/10\/adwa-regulamin-150702.pdf\">Regulamin us\u0142ugi AdWa Internet<\/a><a href=\"http:\/\/wawer.info\/wp-content\/uploads\/2020\/10\/adwa-regulamin-150702.pdf\" class=\"wp-block-file__button\" download>Pobierz<\/a><\/div>\n","protected":false},"excerpt":{"rendered":"","protected":false},"author":1,"featured_media":0,"parent":0,"menu_order":0,"comment_status":"closed","ping_status":"closed","template":"","meta":{"pagelayer_contact_templates":[],"_pagelayer_content":"","footnotes":""},"class_list":["post-44","page","type-page","status-publish","hentry"],"_links":{"self":[{"href":"https:\/\/adwa.net.pl\/index.php?rest_route=\/wp\/v2\/pages\/44"}],"collection":[{"href":"https:\/\/adwa.net.pl\/index.php?rest_route=\/wp\/v2\/pages"}],"about":[{"href":"https:\/\/adwa.net.pl\/index.php?rest_route=\/wp\/v2\/types\/page"}],"author":[{"embeddable":true,"href":"https:\/\/adwa.net.pl\/index.php?rest_route=\/wp\/v2\/users\/1"}],"replies":[{"embeddable":true,"href":"https:\/\/adwa.net.pl\/index.php?rest_route=%2Fwp%2Fv2%2Fcomments&post=44"}],"version-history":[{"count":3,"href":"https:\/\/adwa.net.pl\/index.php?rest_route=\/wp\/v2\/pages\/44\/revisions"}],"predecessor-version":[{"id":51,"href":"https:\/\/adwa.net.pl\/index.php?rest_route=\/wp\/v2\/pages\/44\/revisions\/51"}],"wp:attachment":[{"href":"https:\/\/adwa.net.pl\/index.php?rest_route=%2Fwp%2Fv2%2Fmedia&parent=44"}],"curies":[{"name":"wp","href":"https:\/\/api.w.org\/{rel}","templated":true}]}}